{"id":649,"date":"2025-07-31T23:36:06","date_gmt":"2025-07-31T23:36:06","guid":{"rendered":"https:\/\/bombamarile.com\/?page_id=649"},"modified":"2025-07-31T23:38:07","modified_gmt":"2025-07-31T23:38:07","slug":"la-junta-de-directores","status":"publish","type":"page","link":"https:\/\/bombamarile.com\/index.php\/es\/la-junta-de-directores\/","title":{"rendered":"La junta de Directores"},"content":{"rendered":"\n<h2 class=\"wp-block-heading\">El Director Ejecutivo De<\/h2>\n\n\n\n<div class=\"wp-block-media-text alignwide is-stacked-on-mobile is-image-fill-element\"><figure class=\"wp-block-media-text__media\"><img loading=\"lazy\" decoding=\"async\" width=\"300\" height=\"273\" src=\"https:\/\/bombamarile.com\/wp-content\/uploads\/2019\/08\/miriam-300x273.jpeg\" alt=\"\" class=\"wp-image-44 size-medium\" style=\"object-position:46% 19%\" srcset=\"https:\/\/bombamarile.com\/wp-content\/uploads\/2019\/08\/miriam-300x273.jpeg 300w, https:\/\/bombamarile.com\/wp-content\/uploads\/2019\/08\/miriam-768x698.jpeg 768w, https:\/\/bombamarile.com\/wp-content\/uploads\/2019\/08\/miriam.jpeg 1024w\" sizes=\"auto, (max-width: 300px) 100vw, 300px\" \/><\/figure><div class=\"wp-block-media-text__content\">\n<h2 class=\"wp-block-heading\"><strong>Miriam Padilla Vargas<\/strong><\/h2>\n\n\n\n<p>Nacido en R\u00edo Piedras, Puerto Rico, es uno de los miembros fundadores de la Bomba Maril\u00e9. Ella aprecia el aprendizaje de diferentes culturas, y ha realizado muchos estilos de baile que van desde la salsa, la bachata, la polinesia, bollywood, sal\u00f3n de baile y m\u00e1s. Miriam siempre ha buscado formas de participar en la comunidad, incluyendo a estar en el Consejo de Administraci\u00f3n de KRCL, PANDOS, Latino Asociaci\u00f3n de la Diabetes, y otros en el pasado. Cuando Miriam no es la pr\u00e1ctica de la bomba, ella trabaja como un Endocrin\u00f3logo, centr\u00e1ndose en la diabetes y la obesidad. Miriam est\u00e1 muy agradecida a la Maril\u00e9 de la familia para crear el espacio que nos conecta con nuestras ra\u00edces y antepasados.<\/p>\n<\/div><\/div>\n\n\n\n<h2 class=\"wp-block-heading\">La junta de Directores<\/h2>\n\n\n\n<div class=\"wp-block-media-text alignwide is-stacked-on-mobile is-image-fill-element\"><figure class=\"wp-block-media-text__media\"><img loading=\"lazy\" decoding=\"async\" width=\"742\" height=\"986\" src=\"https:\/\/bombamarile.com\/wp-content\/uploads\/2023\/01\/image-1.png\" alt=\"\" class=\"wp-image-445 size-full\" style=\"object-position:45% 36%\" srcset=\"https:\/\/bombamarile.com\/wp-content\/uploads\/2023\/01\/image-1.png 742w, https:\/\/bombamarile.com\/wp-content\/uploads\/2023\/01\/image-1-226x300.png 226w\" sizes=\"auto, (max-width: 706px) 89vw, (max-width: 767px) 82vw, 740px\" \/><\/figure><div class=\"wp-block-media-text__content\">\n<h2 class=\"wp-block-heading has-medium-font-size\"><strong>Isa\u00edas Mart\u00ednez Alavez<\/strong><\/h2>\n\n\n\n<p>Isa\u00edas es uno de los co-fundadores de la Bomba Maril\u00e9. Disfruta de aprendizaje de la m\u00fasica y de la danza de diferentes culturas. \u00c9l ha viajado a Puerto Rico como en Cuba para el estudio de la percusi\u00f3n y el baile. Isa\u00edas tambi\u00e9n ha sido una bailarina de salsa en diferentes grupos de danza. Tener un espacio para una comunidad para compartir su m\u00fasica, el baile y el canto es muy importante para \u00e9l. Ayuda a preservar nuestras culturas para las generaciones futuras. Isa\u00edas es muy entusiasmado con esta oportunidad de trabajar con un gran grupo de amantes de la cultura en la Bomba Maril\u00e9 para servir y ayudar a crecer la Bomba de la comunidad.<\/p>\n<\/div><\/div>\n\n\n\n<div class=\"wp-block-media-text alignwide is-stacked-on-mobile is-image-fill-element\"><figure class=\"wp-block-media-text__media\"><img loading=\"lazy\" decoding=\"async\" width=\"768\" height=\"1024\" src=\"https:\/\/bombamarile.com\/wp-content\/uploads\/2022\/11\/IMG_7449-768x1024.jpg\" alt=\"\" class=\"wp-image-432 size-full\" style=\"object-position:48% 48%\" srcset=\"https:\/\/bombamarile.com\/wp-content\/uploads\/2022\/11\/IMG_7449-768x1024.jpg 768w, https:\/\/bombamarile.com\/wp-content\/uploads\/2022\/11\/IMG_7449-225x300.jpg 225w, https:\/\/bombamarile.com\/wp-content\/uploads\/2022\/11\/IMG_7449-1152x1536.jpg 1152w, https:\/\/bombamarile.com\/wp-content\/uploads\/2022\/11\/IMG_7449.jpg 1536w\" sizes=\"auto, (max-width: 767px) 89vw, (max-width: 1000px) 54vw, (max-width: 1071px) 543px, 580px\" \/><\/figure><div class=\"wp-block-media-text__content\">\n<h2 class=\"wp-block-heading\"><strong>Rafael Maya<\/strong><\/h2>\n\n\n\n<p>Yo soy un artista del Caribe que ha dedicado la mayor parte de mi vida a aprender y a compartir la cultura con el mundo. Voy por diferentes nombres en diferentes momentos, pero la mayor\u00eda me conoce como Rafael Maya. Padre, Hijo, Familia, Amigo, Omo Awo, M\u00fasico, Compositor, Productor, Core\u00f3grafo, Bailar\u00edn, Artista Visual. Tengo el honor de ser el Director de la Bomba Puertorrique\u00f1a grupo, Desde Cero. Yo tambi\u00e9n participar en otros grupos que juegan los g\u00e9neros que abarca desde Afro-Caribe de la m\u00fasica de Jazz al Hip-hop y el Futurismo. Recientemente he estado explorando la m\u00fasica electr\u00f3nica y ha sido la creaci\u00f3n con artistas de todo el mundo. Esto ha llevado a m\u00ed a grabar mi propio disco en solitario. Voy a lanzar su primer sencillo en los pr\u00f3ximos meses. Esto abri\u00f3 una puerta a un incre\u00edble oportunidad para iniciar un proyecto con m\u00fasicos en Cuba. Estamos combinando sonidos muestreados con los antiguos ritmos y estructuras modernas. Yo tambi\u00e9n estoy en las primeras etapas de la grabaci\u00f3n Desde Cero 2\u00ba de la producci\u00f3n. Me encuentro inmerso en las diversas hip-hop ventures, futurista locura, y algunas otras sorpresas. He estado explorando la expresi\u00f3n a trav\u00e9s del arte visual as\u00ed. Me di cuenta de que uno puede decir mucho con una talla de madera, una fotograf\u00eda, una pintura, etc. Esta ha sido una gran manera de ampliar.<\/p>\n<\/div><\/div>\n\n\n\n<div class=\"wp-block-media-text alignwide is-stacked-on-mobile is-image-fill-element\"><figure class=\"wp-block-media-text__media\"><img loading=\"lazy\" decoding=\"async\" width=\"384\" height=\"512\" src=\"https:\/\/bombamarile.com\/wp-content\/uploads\/2022\/12\/unnamed.jpg\" alt=\"\" class=\"wp-image-439 size-full\" style=\"object-position:40% 34%\" srcset=\"https:\/\/bombamarile.com\/wp-content\/uploads\/2022\/12\/unnamed.jpg 384w, https:\/\/bombamarile.com\/wp-content\/uploads\/2022\/12\/unnamed-225x300.jpg 225w\" sizes=\"auto, (max-width: 384px) 100vw, 384px\" \/><\/figure><div class=\"wp-block-media-text__content\">\n<h2 class=\"wp-block-heading\"><strong>Nicole Vinos<\/strong><\/h2>\n\n\n\n<p>Nicole Vinos es un co-fundador de Ra\u00edces Centro Cultural en el centro de Nueva Jersey, donde ha sido un n\u00facleo de artes y humanidades miembro del equipo desde el a\u00f1o 2008. En Ra\u00edces, Nicoles funciones como coordinadora del programa, archivo digital de curador, y el grupo Folkl\u00f3rico Ra\u00edces miembro, core\u00f3grafa y artista de la ense\u00f1anza han centrado alrededor de la organizaci\u00f3nla misi\u00f3n de preservar las ra\u00edces culturales a trav\u00e9s de las artes, la historia y la ecolog\u00eda. Ella es un baterista, bajista, y la bailarina y ha sido de aprendizaje, la documentaci\u00f3n, la realizaci\u00f3n y el intercambio cultural de las artes, la danza y la m\u00fasica del Caribe desde que se inici\u00f3 formalmente sus estudios en el a\u00f1o 2005. Ella est\u00e1 orgullosa de servir como miembro de la junta Bomba Maril\u00e9 y espera que su experiencia como realizar y artista de la ense\u00f1anza, de la comunidad de historiador y de las artes administrador de la organizaci\u00f3n ayudar\u00e1 a fortalecer su misi\u00f3n y sus programas.<\/p>\n<\/div><\/div>\n\n\n\n<div class=\"wp-block-media-text alignwide is-stacked-on-mobile is-image-fill-element\"><figure class=\"wp-block-media-text__media\"><img loading=\"lazy\" decoding=\"async\" width=\"674\" height=\"871\" src=\"https:\/\/bombamarile.com\/wp-content\/uploads\/2024\/05\/jeanitza-1.jpeg\" alt=\"\" class=\"wp-image-541 size-full\" style=\"object-position:56% 27%\" srcset=\"https:\/\/bombamarile.com\/wp-content\/uploads\/2024\/05\/jeanitza-1.jpeg 674w, https:\/\/bombamarile.com\/wp-content\/uploads\/2024\/05\/jeanitza-1-232x300.jpeg 232w\" sizes=\"auto, (max-width: 674px) 100vw, 674px\" \/><\/figure><div class=\"wp-block-media-text__content\">\n<h2 class=\"wp-block-heading\"><strong>Jeanitza Avil\u00e9s Calder\u00f3n<\/strong><\/h2>\n\n\n\n<p>Maestr\u00eda en Educaci\u00f3n de las Bellas Artes con Especialidad en Danza.<\/p>\n\n\n\n<p>28 a\u00f1os de servicio en el Departamento de Educaci\u00f3n, con experiencia en los niveles elemental, intermedio y superior, adem\u00e1s de escuelas especializadas<\/p>\n\n\n\n<p>Comenc\u00e9 a los 8 a\u00f1os de edad a bailar los 2 g\u00e9neros de m\u00fasica afropuertorrique\u00f1a: bomba y plena, con Modesto Cepeda. Luego de muchos a\u00f1os con ellos, pas\u00e9 al grupo Ag\u00fceyban\u00e1, luego de un Paracumbe, y despu\u00e9s \u00e9l colaborado con otros grupos, como Tamboricua, Hermanos Cepeda, Restauraci\u00f3n Cultural, Bomba Evoluci\u00f3n, Proyecto AfroLegado, Tambuy\u00e9, Desde Cero, Hijos de Ag\u00fceyban\u00e1, Tacuafan, Tamborama.<\/p>\n\n\n\n<p>Mi inter\u00e9s y pasi\u00f3n por la danza me llevaron tambi\u00e9n a ser integrante por muchos a\u00f1os en el grupo Batucada Baob\u00e1, donde hac\u00edamos presentaciones de samba, batucada y afro brasile\u00f1o. En el mismo g\u00e9nero, el brasile\u00f1o, tambi\u00e9n \u00e9l colaborado con Debora Brum.<\/p>\n\n\n\n<p>A trav\u00e9s de mi vida como bailarina tambi\u00e9n \u00e9l llevado mi arte un lugares fuera de Puerto Rico, como: Saint Thomas, Granada, Rep\u00fablica Dominicana, Venezuela, M\u00e9xico DF, Veracruz, Italia, Francia, Orlando, Minnesota, Chicago, Nueva York, Seattle.<\/p>\n<\/div><\/div>\n\n\n\n<p><\/p>\n","protected":false},"excerpt":{"rendered":"<p>El Director Ejecutivo De Miriam Padilla Vargas Nacido en R\u00edo Piedras, Puerto Rico, es uno de los miembros fundadores de la Bomba Maril\u00e9. Ella aprecia el aprendizaje de diferentes culturas, y ha realizado muchos estilos de baile que van desde la salsa, la bachata, la polinesia, bollywood, sal\u00f3n de baile y m\u00e1s. Miriam siempre ha &hellip; <\/p>\n<p class=\"link-more\"><a href=\"https:\/\/bombamarile.com\/index.php\/es\/la-junta-de-directores\/\" class=\"more-link\">Continue reading<span class=\"screen-reader-text\"> &#8220;La junta de Directores&#8221;<\/span><\/a><\/p>\n","protected":false},"author":1,"featured_media":0,"parent":0,"menu_order":0,"comment_status":"closed","ping_status":"closed","template":"","meta":{"footnotes":""},"class_list":["post-649","page","type-page","status-publish","hentry"],"_links":{"self":[{"href":"https:\/\/bombamarile.com\/index.php\/wp-json\/wp\/v2\/pages\/649","targetHints":{"allow":["GET"]}}],"collection":[{"href":"https:\/\/bombamarile.com\/index.php\/wp-json\/wp\/v2\/pages"}],"about":[{"href":"https:\/\/bombamarile.com\/index.php\/wp-json\/wp\/v2\/types\/page"}],"author":[{"embeddable":true,"href":"https:\/\/bombamarile.com\/index.php\/wp-json\/wp\/v2\/users\/1"}],"replies":[{"embeddable":true,"href":"https:\/\/bombamarile.com\/index.php\/wp-json\/wp\/v2\/comments?post=649"}],"version-history":[{"count":1,"href":"https:\/\/bombamarile.com\/index.php\/wp-json\/wp\/v2\/pages\/649\/revisions"}],"predecessor-version":[{"id":650,"href":"https:\/\/bombamarile.com\/index.php\/wp-json\/wp\/v2\/pages\/649\/revisions\/650"}],"wp:attachment":[{"href":"https:\/\/bombamarile.com\/index.php\/wp-json\/wp\/v2\/media?parent=649"}],"curies":[{"name":"wp","href":"https:\/\/api.w.org\/{rel}","templated":true}]}}